{"id":1413,"date":"2024-11-18T14:51:29","date_gmt":"2024-11-18T14:51:29","guid":{"rendered":"https:\/\/christundheiri.wordpress.avency.de\/?page_id=1413"},"modified":"2025-01-14T15:15:20","modified_gmt":"2025-01-14T15:15:20","slug":"hinweisgeberschutzgesetz","status":"publish","type":"page","link":"https:\/\/christundheiri.com\/fr\/hinweisgeberschutzgesetz\/","title":{"rendered":"Protection des lanceurs d&rsquo;alerte"},"content":{"rendered":"<p>[et_pb_section fb_built=\u00a0\u00bb1&Prime; fullwidth=\u00a0\u00bbon\u00a0\u00bb _builder_version=\u00a0\u00bb4.27.4&Prime; _module_preset=\u00a0\u00bbdefault\u00a0\u00bb background_image=\u00a0\u00bbhttps:\/\/christundheiri.com\/wp-content\/uploads\/2024\/12\/CH_Content_Webseite_swocial_Produktion-581-scaled.jpg\u00a0\u00bb locked=\u00a0\u00bboff\u00a0\u00bb global_colors_info=\u00a0\u00bb{}\u00a0\u00bb theme_builder_area=\u00a0\u00bbpost_content\u00a0\u00bb][et_pb_fullwidth_header title=\u00a0\u00bbGUIDELINE ON THE WHISTLEBLOWER PROTECTION SYSTEM (GRIESHABER FEINMECHANIK GMBH)\u00a0\u00bb _builder_version=\u00a0\u00bb4.27.4&Prime; _module_preset=\u00a0\u00bbdefault\u00a0\u00bb background_enable_color=\u00a0\u00bboff\u00a0\u00bb background_image=\u00a0\u00bbhttps:\/\/christundheiri.com\/wp-content\/uploads\/2024\/12\/CH_Content_Webseite_swocial_Produktion-581-scaled.jpg\u00a0\u00bb min_height=\u00a0\u00bb600px\u00a0\u00bb custom_padding=\u00a0\u00bb600px||||false|false\u00a0\u00bb global_colors_info=\u00a0\u00bb{}\u00a0\u00bb theme_builder_area=\u00a0\u00bbpost_content\u00a0\u00bb][\/et_pb_fullwidth_header][\/et_pb_section][et_pb_section fb_built=\u00a0\u00bb1&Prime; _builder_version=\u00a0\u00bb4.27.2&Prime; _module_preset=\u00a0\u00bbdefault\u00a0\u00bb locked=\u00a0\u00bboff\u00a0\u00bb global_colors_info=\u00a0\u00bb{}\u00a0\u00bb theme_builder_area=\u00a0\u00bbpost_content\u00a0\u00bb][et_pb_row _builder_version=\u00a0\u00bb4.27.2&Prime; _module_preset=\u00a0\u00bbdefault\u00a0\u00bb global_colors_info=\u00a0\u00bb{}\u00a0\u00bb theme_builder_area=\u00a0\u00bbpost_content\u00a0\u00bb][et_pb_column type=\u00a0\u00bb4_4&Prime; _builder_version=\u00a0\u00bb4.27.2&Prime; _module_preset=\u00a0\u00bbdefault\u00a0\u00bb global_colors_info=\u00a0\u00bb{}\u00a0\u00bb theme_builder_area=\u00a0\u00bbpost_content\u00a0\u00bb][et_pb_text _builder_version=\u00a0\u00bb4.27.4&Prime; _module_preset=\u00a0\u00bbdefault\u00a0\u00bb global_colors_info=\u00a0\u00bb{}\u00a0\u00bb theme_builder_area=\u00a0\u00bbpost_content\u00a0\u00bb]<\/p>\n<p>The Whistleblower Protection Act (HinSchG) regulates the protection of natural persons who, in connection with their professional activities or in the context of preparing for professional activities, acquire information about violations and report or disclose this information to the reporting channels specified by this law.<br \/>The law applies to reports and disclosures of information as defined in Section 2 of the HinSchG, including but not limited to:<\/p>\n<ul>\n<li>Violations that are subject to criminal penalties<\/li>\n<li>Violations that are subject to fines, insofar as the violated provision serves to protect life, physical integrity, health, or the rights of employees or their representative bodies<\/li>\n<li>Other violations of legal provisions of the Federal Government and the states, as well as directly applicable legal acts of the European Union<\/li>\n<li>Violations of legal provisions of the Federal Government and the states, as well as directly applicable legal acts of the European Union and the European Atomic Energy Community<\/li>\n<li>Violations of tax laws applicable to corporations and partnerships<\/li>\n<li>Violations in the form of agreements designed to obtain a tax advantage in an abusive manner, contrary to the objectives or purposes of tax laws applicable to corporations and partnerships<\/li>\n<\/ul>\n<p>&nbsp;<\/p>\n<p>Mr. Oliver Offenburger has been appointed as the designated reporting channel for Grieshaber Feinmechanik GmbH.<\/p>\n<p>The following reporting channels are available:<\/p>\n<ul>\n<li>Written reports via email to hinweisgeber@eye-i4.de<\/li>\n<li>Telephone reports via the hotline +49 7721 6972404<\/li>\n<\/ul>\n<p>[\/et_pb_text][\/et_pb_column][\/et_pb_row][\/et_pb_section]<\/p>\n","protected":false},"excerpt":{"rendered":"<p>The Whistleblower Protection Act (HinSchG) regulates the protection of natural persons who, in connection with their professional activities or in the context of preparing for professional activities, acquire information about violations and report or disclose this information to the reporting channels specified by this law.The law applies to reports and disclosures of information as defined [&hellip;]<\/p>\n","protected":false},"author":1,"featured_media":0,"parent":0,"menu_order":0,"comment_status":"closed","ping_status":"closed","template":"","meta":{"_acf_changed":false,"_et_pb_use_builder":"on","_et_pb_old_content":"<h1>RICHTLINIE ZUM HINWEISGEBERSCHUTZSYSTEM (GRIESHABER FEINMECHANIK GMBH)<\/h1>\r\nDas Hinweisgeberschutzgesetz (HinSchG) regelt den Schutz von nat\u00fcrlichen Personen, die im Zusammenhang mit ihrer beruflichen T\u00e4tigkeit oder im Vorfeld einer beruflichen T\u00e4tigkeit Informationen \u00fcber Verst\u00f6\u00dfe erlangt haben und diese an die nach diesem Gesetz vorgesehenen Meldestellen melden oder offenlegen.\r\n\r\nDas Gesetz gilt f\u00fcr Meldungen und die Offenlegungen von Informationen entsprechend \u00a7 2 HinSchG, wie u. a.:\r\n<ul>\r\n \t<li>Verst\u00f6\u00dfe die strafbewehrt sind<\/li>\r\n \t<li>Verst\u00f6\u00dfe, die bu\u00dfgeldbewehrt sind, soweit die verletzte Vorschrift dem Schutz von Leben, Leib oder Gesundheit oder dem Schutz der Rechte von Besch\u00e4ftigten oder ihrer Vertretungsorgane dient, sonstige Verst\u00f6\u00dfe gegen Rechtsvorschriften des Bundes und der L\u00e4nder sowie unmittelbar geltende Rechtsakte der Europ\u00e4ischen Union<\/li>\r\n \t<li>sonstige Verst\u00f6\u00dfe gegen Rechtsvorschriften des Bundes und der L\u00e4nder sowie unmittelbar geltende Rechtsakte der Europ\u00e4ischen Union und der Europ\u00e4ischen Atomgemeinschaft<\/li>\r\n \t<li>Verst\u00f6\u00dfe gegen f\u00fcr K\u00f6rperschaften und Personenhandelsgesellschaften geltende steuerliche Rechtsnormen<\/li>\r\n \t<li>Verst\u00f6\u00dfe in Form von Vereinbarungen, die darauf abzielen, sich in missbr\u00e4uchlicher Weise einen steuerlichen Vorteil zu verschaffen, der dem Ziel oder dem Zweck des f\u00fcr K\u00f6rperschaften und Personenhandelsgesellschaften geltenden Steuerrechts zuwiderl\u00e4uft<\/li>\r\n<\/ul>\r\nF\u00fcr die Firma Grieshaber Feinmechanik ist Herr Oliver Offenburger als Meldestelle beauftragt.\r\n\r\nEs stehen folgende Meldekan\u00e4le zur Verf\u00fcgung:\r\n\r\nSchriftliche Meldungen an <a href=\"mailto:hinweisgeber@eye-i4.de\">hinweisgeber@eye-i4.de<\/a>\r\nTelefonische Meldung an die Meldehotline <a href=\"tel:+4977216972404\">+4977216972404<\/a>","_et_gb_content_width":"","footnotes":""},"class_list":["post-1413","page","type-page","status-publish","hentry"],"acf":[],"yoast_head":"<!-- This site is optimized with the Yoast SEO plugin v26.4 - https:\/\/yoast.com\/wordpress\/plugins\/seo\/ -->\n<title>Protection des lanceurs d&#039;alerte | Christ &amp; Heiri Group<\/title>\n<meta name=\"robots\" content=\"index, follow, max-snippet:-1, max-image-preview:large, max-video-preview:-1\" \/>\n<link rel=\"canonical\" href=\"https:\/\/christundheiri.com\/fr\/hinweisgeberschutzgesetz\/\" \/>\n<meta property=\"og:locale\" content=\"fr_FR\" \/>\n<meta property=\"og:type\" content=\"article\" \/>\n<meta property=\"og:title\" content=\"Protection des lanceurs d&#039;alerte | Christ &amp; Heiri Group\" \/>\n<meta property=\"og:description\" content=\"The Whistleblower Protection Act (HinSchG) regulates the protection of natural persons who, in connection with their professional activities or in the context of preparing for professional activities, acquire information about violations and report or disclose this information to the reporting channels specified by this law.The law applies to reports and disclosures of information as defined [&hellip;]\" \/>\n<meta property=\"og:url\" content=\"https:\/\/christundheiri.com\/fr\/hinweisgeberschutzgesetz\/\" \/>\n<meta property=\"og:site_name\" content=\"Christ &amp; Heiri Group\" \/>\n<meta property=\"article:modified_time\" content=\"2025-01-14T15:15:20+00:00\" \/>\n<meta property=\"og:image\" content=\"https:\/\/christundheiri.com\/wp-content\/uploads\/2024\/12\/CH_Content_Webseite_swocial_Produktion-541-scaled.jpg\" \/>\n\t<meta property=\"og:image:width\" content=\"2560\" \/>\n\t<meta property=\"og:image:height\" content=\"1707\" \/>\n\t<meta property=\"og:image:type\" content=\"image\/jpeg\" \/>\n<meta name=\"twitter:card\" content=\"summary_large_image\" \/>\n<meta name=\"twitter:label1\" content=\"Dur\u00e9e de lecture estim\u00e9e\" \/>\n\t<meta name=\"twitter:data1\" content=\"1 minute\" \/>\n<script type=\"application\/ld+json\" class=\"yoast-schema-graph\">{\"@context\":\"https:\/\/schema.org\",\"@graph\":[{\"@type\":\"WebPage\",\"@id\":\"https:\/\/christundheiri.com\/fr\/hinweisgeberschutzgesetz\/\",\"url\":\"https:\/\/christundheiri.com\/fr\/hinweisgeberschutzgesetz\/\",\"name\":\"Protection des lanceurs d'alerte | Christ &amp; Heiri Group\",\"isPartOf\":{\"@id\":\"https:\/\/christundheiri.com\/fr\/#website\"},\"datePublished\":\"2024-11-18T14:51:29+00:00\",\"dateModified\":\"2025-01-14T15:15:20+00:00\",\"breadcrumb\":{\"@id\":\"https:\/\/christundheiri.com\/fr\/hinweisgeberschutzgesetz\/#breadcrumb\"},\"inLanguage\":\"fr-FR\",\"potentialAction\":[{\"@type\":\"ReadAction\",\"target\":[\"https:\/\/christundheiri.com\/fr\/hinweisgeberschutzgesetz\/\"]}]},{\"@type\":\"BreadcrumbList\",\"@id\":\"https:\/\/christundheiri.com\/fr\/hinweisgeberschutzgesetz\/#breadcrumb\",\"itemListElement\":[{\"@type\":\"ListItem\",\"position\":1,\"name\":\"Startseite\",\"item\":\"https:\/\/christundheiri.com\/fr\/\"},{\"@type\":\"ListItem\",\"position\":2,\"name\":\"Protection des lanceurs d&#8217;alerte\"}]},{\"@type\":\"WebSite\",\"@id\":\"https:\/\/christundheiri.com\/fr\/#website\",\"url\":\"https:\/\/christundheiri.com\/fr\/\",\"name\":\"Christ & Heiri Group\",\"description\":\"High Precision Gearing Parts\",\"publisher\":{\"@id\":\"https:\/\/christundheiri.com\/fr\/#organization\"},\"alternateName\":\"Christ & Heiri\",\"potentialAction\":[{\"@type\":\"SearchAction\",\"target\":{\"@type\":\"EntryPoint\",\"urlTemplate\":\"https:\/\/christundheiri.com\/fr\/?s={search_term_string}\"},\"query-input\":{\"@type\":\"PropertyValueSpecification\",\"valueRequired\":true,\"valueName\":\"search_term_string\"}}],\"inLanguage\":\"fr-FR\"},{\"@type\":\"Organization\",\"@id\":\"https:\/\/christundheiri.com\/fr\/#organization\",\"name\":\"Christ & Heiri Group\",\"url\":\"https:\/\/christundheiri.com\/fr\/\",\"logo\":{\"@type\":\"ImageObject\",\"inLanguage\":\"fr-FR\",\"@id\":\"https:\/\/christundheiri.com\/fr\/#\/schema\/logo\/image\/\",\"url\":\"https:\/\/christundheiri.com\/wp-content\/uploads\/2024\/11\/christheiri-logo-dark.svg\",\"contentUrl\":\"https:\/\/christundheiri.com\/wp-content\/uploads\/2024\/11\/christheiri-logo-dark.svg\",\"width\":800,\"height\":198,\"caption\":\"Christ & Heiri Group\"},\"image\":{\"@id\":\"https:\/\/christundheiri.com\/fr\/#\/schema\/logo\/image\/\"},\"sameAs\":[\"https:\/\/www.linkedin.com\/company\/18191638\",\"https:\/\/www.instagram.com\/christheirigroup\/\"]}]}<\/script>\n<!-- \/ Yoast SEO plugin. -->","yoast_head_json":{"title":"Protection des lanceurs d'alerte | Christ &amp; Heiri Group","robots":{"index":"index","follow":"follow","max-snippet":"max-snippet:-1","max-image-preview":"max-image-preview:large","max-video-preview":"max-video-preview:-1"},"canonical":"https:\/\/christundheiri.com\/fr\/hinweisgeberschutzgesetz\/","og_locale":"fr_FR","og_type":"article","og_title":"Protection des lanceurs d'alerte | Christ &amp; Heiri Group","og_description":"The Whistleblower Protection Act (HinSchG) regulates the protection of natural persons who, in connection with their professional activities or in the context of preparing for professional activities, acquire information about violations and report or disclose this information to the reporting channels specified by this law.The law applies to reports and disclosures of information as defined [&hellip;]","og_url":"https:\/\/christundheiri.com\/fr\/hinweisgeberschutzgesetz\/","og_site_name":"Christ &amp; Heiri Group","article_modified_time":"2025-01-14T15:15:20+00:00","og_image":[{"width":2560,"height":1707,"url":"https:\/\/christundheiri.com\/wp-content\/uploads\/2024\/12\/CH_Content_Webseite_swocial_Produktion-541-scaled.jpg","type":"image\/jpeg"}],"twitter_card":"summary_large_image","twitter_misc":{"Dur\u00e9e de lecture estim\u00e9e":"1 minute"},"schema":{"@context":"https:\/\/schema.org","@graph":[{"@type":"WebPage","@id":"https:\/\/christundheiri.com\/fr\/hinweisgeberschutzgesetz\/","url":"https:\/\/christundheiri.com\/fr\/hinweisgeberschutzgesetz\/","name":"Protection des lanceurs d'alerte | Christ &amp; Heiri Group","isPartOf":{"@id":"https:\/\/christundheiri.com\/fr\/#website"},"datePublished":"2024-11-18T14:51:29+00:00","dateModified":"2025-01-14T15:15:20+00:00","breadcrumb":{"@id":"https:\/\/christundheiri.com\/fr\/hinweisgeberschutzgesetz\/#breadcrumb"},"inLanguage":"fr-FR","potentialAction":[{"@type":"ReadAction","target":["https:\/\/christundheiri.com\/fr\/hinweisgeberschutzgesetz\/"]}]},{"@type":"BreadcrumbList","@id":"https:\/\/christundheiri.com\/fr\/hinweisgeberschutzgesetz\/#breadcrumb","itemListElement":[{"@type":"ListItem","position":1,"name":"Startseite","item":"https:\/\/christundheiri.com\/fr\/"},{"@type":"ListItem","position":2,"name":"Protection des lanceurs d&#8217;alerte"}]},{"@type":"WebSite","@id":"https:\/\/christundheiri.com\/fr\/#website","url":"https:\/\/christundheiri.com\/fr\/","name":"Christ & Heiri Group","description":"High Precision Gearing Parts","publisher":{"@id":"https:\/\/christundheiri.com\/fr\/#organization"},"alternateName":"Christ & Heiri","potentialAction":[{"@type":"SearchAction","target":{"@type":"EntryPoint","urlTemplate":"https:\/\/christundheiri.com\/fr\/?s={search_term_string}"},"query-input":{"@type":"PropertyValueSpecification","valueRequired":true,"valueName":"search_term_string"}}],"inLanguage":"fr-FR"},{"@type":"Organization","@id":"https:\/\/christundheiri.com\/fr\/#organization","name":"Christ & Heiri Group","url":"https:\/\/christundheiri.com\/fr\/","logo":{"@type":"ImageObject","inLanguage":"fr-FR","@id":"https:\/\/christundheiri.com\/fr\/#\/schema\/logo\/image\/","url":"https:\/\/christundheiri.com\/wp-content\/uploads\/2024\/11\/christheiri-logo-dark.svg","contentUrl":"https:\/\/christundheiri.com\/wp-content\/uploads\/2024\/11\/christheiri-logo-dark.svg","width":800,"height":198,"caption":"Christ & Heiri Group"},"image":{"@id":"https:\/\/christundheiri.com\/fr\/#\/schema\/logo\/image\/"},"sameAs":["https:\/\/www.linkedin.com\/company\/18191638","https:\/\/www.instagram.com\/christheirigroup\/"]}]}},"_links":{"self":[{"href":"https:\/\/christundheiri.com\/fr\/wp-json\/wp\/v2\/pages\/1413","targetHints":{"allow":["GET"]}}],"collection":[{"href":"https:\/\/christundheiri.com\/fr\/wp-json\/wp\/v2\/pages"}],"about":[{"href":"https:\/\/christundheiri.com\/fr\/wp-json\/wp\/v2\/types\/page"}],"author":[{"embeddable":true,"href":"https:\/\/christundheiri.com\/fr\/wp-json\/wp\/v2\/users\/1"}],"replies":[{"embeddable":true,"href":"https:\/\/christundheiri.com\/fr\/wp-json\/wp\/v2\/comments?post=1413"}],"version-history":[{"count":4,"href":"https:\/\/christundheiri.com\/fr\/wp-json\/wp\/v2\/pages\/1413\/revisions"}],"predecessor-version":[{"id":2731,"href":"https:\/\/christundheiri.com\/fr\/wp-json\/wp\/v2\/pages\/1413\/revisions\/2731"}],"wp:attachment":[{"href":"https:\/\/christundheiri.com\/fr\/wp-json\/wp\/v2\/media?parent=1413"}],"curies":[{"name":"wp","href":"https:\/\/api.w.org\/{rel}","templated":true}]}}