{"id":1344,"date":"2024-10-07T10:41:15","date_gmt":"2024-10-07T10:41:15","guid":{"rendered":"https:\/\/christundheiri.wordpress.avency.de\/?page_id=1344"},"modified":"2025-07-31T06:33:07","modified_gmt":"2025-07-31T06:33:07","slug":"legales","status":"publish","type":"page","link":"https:\/\/christundheiri.com\/fr\/legales\/","title":{"rendered":"Mentions l\u00e9gales"},"content":{"rendered":"<p>[et_pb_section fb_built=\u00a0\u00bb1&Prime; fullwidth=\u00a0\u00bbon\u00a0\u00bb _builder_version=\u00a0\u00bb4.27.4&Prime; _module_preset=\u00a0\u00bbdefault\u00a0\u00bb locked=\u00a0\u00bboff\u00a0\u00bb global_colors_info=\u00a0\u00bb{}\u00a0\u00bb][et_pb_fullwidth_header title=\u00a0\u00bbLegales\u00a0\u00bb _builder_version=\u00a0\u00bb4.27.4&Prime; _module_preset=\u00a0\u00bbdefault\u00a0\u00bb background_enable_color=\u00a0\u00bboff\u00a0\u00bb background_image=\u00a0\u00bbhttps:\/\/christundheiri.com\/wp-content\/uploads\/2024\/12\/CH_Content_Webseite_swocial_Produktion-581-scaled.jpg\u00a0\u00bb min_height=\u00a0\u00bb600px\u00a0\u00bb custom_padding=\u00a0\u00bb600px||||false|false\u00a0\u00bb global_colors_info=\u00a0\u00bb{}\u00a0\u00bb][\/et_pb_fullwidth_header][\/et_pb_section][et_pb_section fb_built=\u00a0\u00bb1&Prime; admin_label=\u00a0\u00bbsection\u00a0\u00bb _builder_version=\u00a0\u00bb4.16&Prime; global_colors_info=\u00a0\u00bb{}\u00a0\u00bb][et_pb_row admin_label=\u00a0\u00bbrow\u00a0\u00bb _builder_version=\u00a0\u00bb4.16&Prime; background_size=\u00a0\u00bbinitial\u00a0\u00bb background_position=\u00a0\u00bbtop_left\u00a0\u00bb background_repeat=\u00a0\u00bbrepeat\u00a0\u00bb global_colors_info=\u00a0\u00bb{}\u00a0\u00bb][et_pb_column type=\u00a0\u00bb4_4&Prime; _builder_version=\u00a0\u00bb4.16&Prime; custom_padding=\u00a0\u00bb|||\u00a0\u00bb global_colors_info=\u00a0\u00bb{}\u00a0\u00bb custom_padding__hover=\u00a0\u00bb|||\u00a0\u00bb][et_pb_text admin_label=\u00a0\u00bbText\u00a0\u00bb _builder_version=\u00a0\u00bb4.27.4&Prime; background_size=\u00a0\u00bbinitial\u00a0\u00bb background_position=\u00a0\u00bbtop_left\u00a0\u00bb background_repeat=\u00a0\u00bbrepeat\u00a0\u00bb hover_enabled=\u00a0\u00bb0&Prime; global_colors_info=\u00a0\u00bb{}\u00a0\u00bb sticky_enabled=\u00a0\u00bb0&Prime;]<\/p>\n<h4>Responsable du contenu<\/h4>\n<p>Christ &amp; Heiri AG<br \/>\nM\u00e4ssmattweg 2<br \/>\n2545 Selzach<br \/>\nSchweiz<br \/>\nTel. <a href=\"tel:+41 32 641 60 00\">+41 32 641 60 00<\/a><br \/>\nE-Mail <a href=\"mailto:info@christundheiri.com\">info@christundheiri.com<\/a><\/p>\n<p>&nbsp;<\/p>\n<h4>Concept, Design et Programmation<\/h4>\n<p>avency GmbH<br \/>\nHauptstrasse 108<br \/>\n48346 Ostbevern<br \/>\nGermany<br \/>\nTel. <a href=\"tel:+49 2532 9509 0\">+49 2532 9509 0<\/a><br \/>\nE-Mail <a href=\"mailto:info@avency.de\">info@avency.de<\/a><br \/>\nWebsite <a href=\"http:\/\/www.avency.de\">www.avency.de<\/a><\/p>\n<p>&nbsp;<\/p>\n<h4>Conditions g\u00e9n\u00e9rales de livraison et de paiement<\/h4>\n<p><a href=\"https:\/\/christundheiri.com\/wp-content\/uploads\/2024\/11\/Allgemeine-Liefer-und-Zahlungsbedingungen-der-CHRIST-HEIRI-AG.pdf\">T\u00e9l\u00e9charger au format PDF (Christ &amp; Heiri)<\/a><br \/>\n<a href=\"https:\/\/christundheiri.com\/wp-content\/uploads\/2024\/11\/AGB-GFG-12-2021.pdf\">T\u00e9l\u00e9charger au format PDF (Grieshaber)<\/a><\/p>\n<p>&nbsp;<\/p>\n<h4>Protection des donn\u00e9es<\/h4>\n<p><a href=\"https:\/\/christundheiri.com\/fr\/privacy\/\">Protection des donn\u00e9es<\/a>[\/et_pb_text][\/et_pb_column][\/et_pb_row][\/et_pb_section]<\/p>\n","protected":false},"excerpt":{"rendered":"<p>Responsable du contenu Christ &amp; Heiri AG M\u00e4ssmattweg 2 2545 Selzach Schweiz Tel. +41 32 641 60 00 E-Mail info@christundheiri.com &nbsp; Concept, Design et Programmation avency GmbH Hauptstrasse 108 48346 Ostbevern Germany Tel. +49 2532 9509 0 E-Mail info@avency.de Website www.avency.de &nbsp; Conditions g\u00e9n\u00e9rales de livraison et de paiement T\u00e9l\u00e9charger au format PDF (Christ &amp; [&hellip;]<\/p>\n","protected":false},"author":1,"featured_media":0,"parent":0,"menu_order":0,"comment_status":"closed","ping_status":"closed","template":"","meta":{"_acf_changed":false,"_et_pb_use_builder":"on","_et_pb_old_content":"","_et_gb_content_width":"","footnotes":""},"class_list":["post-1344","page","type-page","status-publish","hentry"],"acf":[],"yoast_head":"<!-- This site is optimized with the Yoast SEO plugin v27.4 - https:\/\/yoast.com\/product\/yoast-seo-wordpress\/ -->\n<title>Mentions l\u00e9gales | Christ &amp; Heiri Group<\/title>\n<meta name=\"robots\" content=\"index, follow, max-snippet:-1, max-image-preview:large, max-video-preview:-1\" \/>\n<link rel=\"canonical\" href=\"https:\/\/christundheiri.com\/fr\/legales\/\" \/>\n<meta property=\"og:locale\" content=\"fr_FR\" \/>\n<meta property=\"og:type\" content=\"article\" \/>\n<meta property=\"og:title\" content=\"Mentions l\u00e9gales | Christ &amp; Heiri Group\" \/>\n<meta property=\"og:description\" content=\"Responsable du contenu Christ &amp; Heiri AG M\u00e4ssmattweg 2 2545 Selzach Schweiz Tel. +41 32 641 60 00 E-Mail info@christundheiri.com &nbsp; Concept, Design et Programmation avency GmbH Hauptstrasse 108 48346 Ostbevern Germany Tel. +49 2532 9509 0 E-Mail info@avency.de Website www.avency.de &nbsp; Conditions g\u00e9n\u00e9rales de livraison et de paiement T\u00e9l\u00e9charger au format PDF (Christ &amp; [&hellip;]\" \/>\n<meta property=\"og:url\" content=\"https:\/\/christundheiri.com\/fr\/legales\/\" \/>\n<meta property=\"og:site_name\" content=\"Christ &amp; Heiri Group\" \/>\n<meta property=\"article:modified_time\" content=\"2025-07-31T06:33:07+00:00\" \/>\n<meta property=\"og:image\" content=\"https:\/\/christundheiri.com\/wp-content\/uploads\/2024\/12\/CH_Content_Webseite_swocial_Produktion-541-scaled.jpg\" \/>\n\t<meta property=\"og:image:width\" content=\"2560\" \/>\n\t<meta property=\"og:image:height\" content=\"1707\" \/>\n\t<meta property=\"og:image:type\" content=\"image\/jpeg\" \/>\n<meta name=\"twitter:card\" content=\"summary_large_image\" \/>\n<meta name=\"twitter:label1\" content=\"Dur\u00e9e de lecture estim\u00e9e\" \/>\n\t<meta name=\"twitter:data1\" content=\"1 minute\" \/>\n<script type=\"application\/ld+json\" class=\"yoast-schema-graph\">{\"@context\":\"https:\\\/\\\/schema.org\",\"@graph\":[{\"@type\":\"WebPage\",\"@id\":\"https:\\\/\\\/christundheiri.com\\\/fr\\\/legales\\\/\",\"url\":\"https:\\\/\\\/christundheiri.com\\\/fr\\\/legales\\\/\",\"name\":\"Mentions l\u00e9gales | Christ &amp; Heiri Group\",\"isPartOf\":{\"@id\":\"https:\\\/\\\/christundheiri.com\\\/fr\\\/#website\"},\"datePublished\":\"2024-10-07T10:41:15+00:00\",\"dateModified\":\"2025-07-31T06:33:07+00:00\",\"breadcrumb\":{\"@id\":\"https:\\\/\\\/christundheiri.com\\\/fr\\\/legales\\\/#breadcrumb\"},\"inLanguage\":\"fr-FR\",\"potentialAction\":[{\"@type\":\"ReadAction\",\"target\":[\"https:\\\/\\\/christundheiri.com\\\/fr\\\/legales\\\/\"]}]},{\"@type\":\"BreadcrumbList\",\"@id\":\"https:\\\/\\\/christundheiri.com\\\/fr\\\/legales\\\/#breadcrumb\",\"itemListElement\":[{\"@type\":\"ListItem\",\"position\":1,\"name\":\"Startseite\",\"item\":\"https:\\\/\\\/christundheiri.com\\\/fr\\\/\"},{\"@type\":\"ListItem\",\"position\":2,\"name\":\"Mentions l\u00e9gales\"}]},{\"@type\":\"WebSite\",\"@id\":\"https:\\\/\\\/christundheiri.com\\\/fr\\\/#website\",\"url\":\"https:\\\/\\\/christundheiri.com\\\/fr\\\/\",\"name\":\"Christ & Heiri Group\",\"description\":\"High Precision Gearing Parts\",\"publisher\":{\"@id\":\"https:\\\/\\\/christundheiri.com\\\/fr\\\/#organization\"},\"alternateName\":\"Christ & Heiri\",\"potentialAction\":[{\"@type\":\"SearchAction\",\"target\":{\"@type\":\"EntryPoint\",\"urlTemplate\":\"https:\\\/\\\/christundheiri.com\\\/fr\\\/?s={search_term_string}\"},\"query-input\":{\"@type\":\"PropertyValueSpecification\",\"valueRequired\":true,\"valueName\":\"search_term_string\"}}],\"inLanguage\":\"fr-FR\"},{\"@type\":\"Organization\",\"@id\":\"https:\\\/\\\/christundheiri.com\\\/fr\\\/#organization\",\"name\":\"Christ & Heiri Group\",\"url\":\"https:\\\/\\\/christundheiri.com\\\/fr\\\/\",\"logo\":{\"@type\":\"ImageObject\",\"inLanguage\":\"fr-FR\",\"@id\":\"https:\\\/\\\/christundheiri.com\\\/fr\\\/#\\\/schema\\\/logo\\\/image\\\/\",\"url\":\"https:\\\/\\\/christundheiri.com\\\/wp-content\\\/uploads\\\/2024\\\/11\\\/christheiri-logo-dark.svg\",\"contentUrl\":\"https:\\\/\\\/christundheiri.com\\\/wp-content\\\/uploads\\\/2024\\\/11\\\/christheiri-logo-dark.svg\",\"width\":800,\"height\":198,\"caption\":\"Christ & Heiri Group\"},\"image\":{\"@id\":\"https:\\\/\\\/christundheiri.com\\\/fr\\\/#\\\/schema\\\/logo\\\/image\\\/\"},\"sameAs\":[\"https:\\\/\\\/www.linkedin.com\\\/company\\\/18191638\",\"https:\\\/\\\/www.instagram.com\\\/christheirigroup\\\/\"]}]}<\/script>\n<!-- \/ Yoast SEO plugin. -->","yoast_head_json":{"title":"Mentions l\u00e9gales | Christ &amp; Heiri Group","robots":{"index":"index","follow":"follow","max-snippet":"max-snippet:-1","max-image-preview":"max-image-preview:large","max-video-preview":"max-video-preview:-1"},"canonical":"https:\/\/christundheiri.com\/fr\/legales\/","og_locale":"fr_FR","og_type":"article","og_title":"Mentions l\u00e9gales | Christ &amp; Heiri Group","og_description":"Responsable du contenu Christ &amp; Heiri AG M\u00e4ssmattweg 2 2545 Selzach Schweiz Tel. +41 32 641 60 00 E-Mail info@christundheiri.com &nbsp; Concept, Design et Programmation avency GmbH Hauptstrasse 108 48346 Ostbevern Germany Tel. +49 2532 9509 0 E-Mail info@avency.de Website www.avency.de &nbsp; Conditions g\u00e9n\u00e9rales de livraison et de paiement T\u00e9l\u00e9charger au format PDF (Christ &amp; [&hellip;]","og_url":"https:\/\/christundheiri.com\/fr\/legales\/","og_site_name":"Christ &amp; Heiri Group","article_modified_time":"2025-07-31T06:33:07+00:00","og_image":[{"width":2560,"height":1707,"url":"https:\/\/christundheiri.com\/wp-content\/uploads\/2024\/12\/CH_Content_Webseite_swocial_Produktion-541-scaled.jpg","type":"image\/jpeg"}],"twitter_card":"summary_large_image","twitter_misc":{"Dur\u00e9e de lecture estim\u00e9e":"1 minute"},"schema":{"@context":"https:\/\/schema.org","@graph":[{"@type":"WebPage","@id":"https:\/\/christundheiri.com\/fr\/legales\/","url":"https:\/\/christundheiri.com\/fr\/legales\/","name":"Mentions l\u00e9gales | Christ &amp; Heiri Group","isPartOf":{"@id":"https:\/\/christundheiri.com\/fr\/#website"},"datePublished":"2024-10-07T10:41:15+00:00","dateModified":"2025-07-31T06:33:07+00:00","breadcrumb":{"@id":"https:\/\/christundheiri.com\/fr\/legales\/#breadcrumb"},"inLanguage":"fr-FR","potentialAction":[{"@type":"ReadAction","target":["https:\/\/christundheiri.com\/fr\/legales\/"]}]},{"@type":"BreadcrumbList","@id":"https:\/\/christundheiri.com\/fr\/legales\/#breadcrumb","itemListElement":[{"@type":"ListItem","position":1,"name":"Startseite","item":"https:\/\/christundheiri.com\/fr\/"},{"@type":"ListItem","position":2,"name":"Mentions l\u00e9gales"}]},{"@type":"WebSite","@id":"https:\/\/christundheiri.com\/fr\/#website","url":"https:\/\/christundheiri.com\/fr\/","name":"Christ & Heiri Group","description":"High Precision Gearing Parts","publisher":{"@id":"https:\/\/christundheiri.com\/fr\/#organization"},"alternateName":"Christ & Heiri","potentialAction":[{"@type":"SearchAction","target":{"@type":"EntryPoint","urlTemplate":"https:\/\/christundheiri.com\/fr\/?s={search_term_string}"},"query-input":{"@type":"PropertyValueSpecification","valueRequired":true,"valueName":"search_term_string"}}],"inLanguage":"fr-FR"},{"@type":"Organization","@id":"https:\/\/christundheiri.com\/fr\/#organization","name":"Christ & Heiri Group","url":"https:\/\/christundheiri.com\/fr\/","logo":{"@type":"ImageObject","inLanguage":"fr-FR","@id":"https:\/\/christundheiri.com\/fr\/#\/schema\/logo\/image\/","url":"https:\/\/christundheiri.com\/wp-content\/uploads\/2024\/11\/christheiri-logo-dark.svg","contentUrl":"https:\/\/christundheiri.com\/wp-content\/uploads\/2024\/11\/christheiri-logo-dark.svg","width":800,"height":198,"caption":"Christ & Heiri Group"},"image":{"@id":"https:\/\/christundheiri.com\/fr\/#\/schema\/logo\/image\/"},"sameAs":["https:\/\/www.linkedin.com\/company\/18191638","https:\/\/www.instagram.com\/christheirigroup\/"]}]}},"_links":{"self":[{"href":"https:\/\/christundheiri.com\/fr\/wp-json\/wp\/v2\/pages\/1344","targetHints":{"allow":["GET"]}}],"collection":[{"href":"https:\/\/christundheiri.com\/fr\/wp-json\/wp\/v2\/pages"}],"about":[{"href":"https:\/\/christundheiri.com\/fr\/wp-json\/wp\/v2\/types\/page"}],"author":[{"embeddable":true,"href":"https:\/\/christundheiri.com\/fr\/wp-json\/wp\/v2\/users\/1"}],"replies":[{"embeddable":true,"href":"https:\/\/christundheiri.com\/fr\/wp-json\/wp\/v2\/comments?post=1344"}],"version-history":[{"count":6,"href":"https:\/\/christundheiri.com\/fr\/wp-json\/wp\/v2\/pages\/1344\/revisions"}],"predecessor-version":[{"id":3847,"href":"https:\/\/christundheiri.com\/fr\/wp-json\/wp\/v2\/pages\/1344\/revisions\/3847"}],"wp:attachment":[{"href":"https:\/\/christundheiri.com\/fr\/wp-json\/wp\/v2\/media?parent=1344"}],"curies":[{"name":"wp","href":"https:\/\/api.w.org\/{rel}","templated":true}]}}