{"id":3911,"date":"2025-08-04T10:02:16","date_gmt":"2025-08-04T10:02:16","guid":{"rendered":"https:\/\/christundheiri.com\/?page_id=3911"},"modified":"2025-08-04T10:23:14","modified_gmt":"2025-08-04T10:23:14","slug":"accesibilidad","status":"publish","type":"page","link":"https:\/\/christundheiri.com\/es\/accesibilidad\/","title":{"rendered":"Accesibilidad"},"content":{"rendered":"<p>[et_pb_section fb_built=\u00bb1&#8243; fullwidth=\u00bbon\u00bb _builder_version=\u00bb4.27.4&#8243; _module_preset=\u00bbdefault\u00bb locked=\u00bboff\u00bb global_colors_info=\u00bb{}\u00bb][et_pb_fullwidth_header title=\u00bbAccesibilidad\u00bb _builder_version=\u00bb4.27.4&#8243; _module_preset=\u00bbdefault\u00bb background_enable_color=\u00bboff\u00bb background_image=\u00bbhttps:\/\/christundheiri.com\/wp-content\/uploads\/2024\/12\/CH_Content_Webseite_swocial_Produktion-581-scaled.jpg\u00bb min_height=\u00bb600px\u00bb custom_padding=\u00bb600px||||false|false\u00bb hover_enabled=\u00bb0&#8243; global_colors_info=\u00bb{}\u00bb sticky_enabled=\u00bb0&#8243;][\/et_pb_fullwidth_header][\/et_pb_section][et_pb_section fb_built=\u00bb1&#8243; _builder_version=\u00bb4.27.4&#8243; _module_preset=\u00bbdefault\u00bb global_colors_info=\u00bb{}\u00bb][et_pb_row _builder_version=\u00bb4.27.4&#8243; _module_preset=\u00bbdefault\u00bb global_colors_info=\u00bb{}\u00bb][et_pb_column type=\u00bb4_4&#8243; _builder_version=\u00bb4.27.4&#8243; _module_preset=\u00bbdefault\u00bb global_colors_info=\u00bb{}\u00bb][et_pb_text _builder_version=\u00bb4.27.4&#8243; _module_preset=\u00bbdefault\u00bb max_width=\u00bb800px\u00bb hover_enabled=\u00bb0&#8243; global_colors_info=\u00bb{}\u00bb sticky_enabled=\u00bb0&#8243;]<\/p>\n<p>\nChrist &amp; Heiri AG se compromete a proporcionar un sitio web completamente accesible para todos los usuarios, incluidos aquellos que dependen de tecnolog\u00edas de asistencia como lectores de pantalla, software de ampliaci\u00f3n de pantalla y dispositivos alternativos de entrada de teclado para navegar por Internet.\n<\/p>\n<p><strong>Esfuerzos continuos para garantizar la accesibilidad<\/strong><\/p>\n<p>\nNos guiamos por las <a href=\"https:\/\/www.w3.org\/TR\/WCAG21\/\">Pautas de Accesibilidad para el Contenido Web (WCAG) versi\u00f3n 2.1<\/a> para determinar la accesibilidad. Estas son normas reconocidas internacionalmente que abarcan una amplia gama de recomendaciones y buenas pr\u00e1cticas para hacer que el contenido sea utilizable. Cuando a\u00f1adimos nuevas p\u00e1ginas y funciones a nuestro sitio web, todos los dise\u00f1os, c\u00f3digos y procesos de introducci\u00f3n de contenido se revisan conforme a estas normas.\n<\/p>\n<p><span><br \/>\nLa accesibilidad de nuestro sitio web es un proceso continuo. Probamos continuamente los contenidos y funcionalidades para garantizar el cumplimiento del nivel AA de las WCAG 2.1 y corregimos cualquier problema para asegurarnos de cumplir o superar los est\u00e1ndares. Las pruebas de nuestro sitio web las realizan miembros de nuestro equipo utilizando herramientas est\u00e1ndar del sector, como el complemento Accessibility Checker para WordPress, analizadores de contraste de color, t\u00e9cnicas de navegaci\u00f3n solo con teclado y pruebas de legibilidad Flesch-Kincaid.<br \/>\n<\/span><\/p>\n<p><strong>Funciones de accesibilidad en nuestro sitio web<\/strong><\/p>\n<p>A continuaci\u00f3n, se muestra una lista de las caracter\u00edsticas que hemos incorporado en nuestro sitio web para mejorar la accesibilidad:<\/p>\n<ul>\n<li>Navegaci\u00f3n principal estructurada l\u00f3gicamente con una jerarqu\u00eda de p\u00e1ginas clara<\/li>\n<li>Textos alternativos para muchas im\u00e1genes para apoyar a los lectores de pantalla<\/li>\n<li>Opciones de contacto disponibles a trav\u00e9s de varios canales (correo electr\u00f3nico, tel\u00e9fono, formulario de contacto)<\/li>\n<li>Soporte multiling\u00fce (DE, EN, ES, FR) para mejorar la accesibilidad de los usuarios internacionales<\/li>\n<li>Informaci\u00f3n legal relevante (aviso legal, privacidad) accesible con barreras m\u00ednimas<\/li>\n<\/ul>\n<p><strong>\u00c1reas de mejora<\/strong><\/p>\n<p>En nuestros esfuerzos por mantener nuestro sitio web actualizado, nos centramos en las siguientes \u00e1reas:<\/p>\n<ul>\n<li>Mejora de los textos alternativos para todas las im\u00e1genes y gr\u00e1ficos<\/li>\n<li>Provisi\u00f3n de subt\u00edtulos o transcripciones para los v\u00eddeos incrustados<\/li>\n<li>Optimizaci\u00f3n de la navegaci\u00f3n por teclado y la compatibilidad con lectores de pantalla<\/li>\n<li>Revisi\u00f3n y ajuste del contraste de color en todos los elementos<\/li>\n<li>Implementaci\u00f3n de una funci\u00f3n de \u201cSaltar al contenido\u201d<\/li>\n<li>Revisi\u00f3n peri\u00f3dica del sitio web para detectar problemas de accesibilidad utilizando herramientas actualizadas<\/li>\n<\/ul>\n<p>\nEstos esfuerzos forman parte de nuestro compromiso por hacer que la experiencia en Christ &amp; Heiri AG sea lo m\u00e1s agradable posible. Tenga en cuenta que, aunque nos esforzamos por proporcionar informaci\u00f3n accesible a todos los usuarios, no podemos garantizar la accesibilidad de los sitios web de terceros a los que enlazamos.\n<\/p>\n<p><strong>Contacto para soporte de accesibilidad<\/strong><\/p>\n<p>\nAgradecemos sus comentarios, preguntas y sugerencias sobre nuestro sitio web. Si utiliza tecnolog\u00edas de asistencia y tiene dificultades para utilizar nuestro sitio web, env\u00edenos un correo electr\u00f3nico a <a href=\"mailto:info@christundheiri.com\">info@christundheiri.com<\/a> o ll\u00e1menos al +41 32 641 60 00 (Suiza) o al +49 76 57 91 05 0 (Alemania). Haremos todo lo posible para ayudarle y resolver cualquier problema.\n<\/p>\n<p>[\/et_pb_text][\/et_pb_column][\/et_pb_row][\/et_pb_section]<\/p>\n","protected":false},"excerpt":{"rendered":"<p>Christ &amp; Heiri AG se compromete a proporcionar un sitio web completamente accesible para todos los usuarios, incluidos aquellos que dependen de tecnolog\u00edas de asistencia como lectores de pantalla, software de ampliaci\u00f3n de pantalla y dispositivos alternativos de entrada de teclado para navegar por Internet. Esfuerzos continuos para garantizar la accesibilidad Nos guiamos por las [&hellip;]<\/p>\n","protected":false},"author":1,"featured_media":0,"parent":0,"menu_order":0,"comment_status":"closed","ping_status":"closed","template":"","meta":{"_acf_changed":false,"_et_pb_use_builder":"on","_et_pb_old_content":"[et_pb_section fb_built=\"1\" fullwidth=\"on\" _builder_version=\"4.27.4\" _module_preset=\"default\" locked=\"off\" global_colors_info=\"{}\"][et_pb_fullwidth_header title=\"Accessibilit\u00e9\" _builder_version=\"4.27.4\" _module_preset=\"default\" background_enable_color=\"off\" background_image=\"https:\/\/christundheiri.com\/wp-content\/uploads\/2024\/12\/CH_Content_Webseite_swocial_Produktion-581-scaled.jpg\" min_height=\"600px\" custom_padding=\"600px||||false|false\" hover_enabled=\"0\" global_colors_info=\"{}\" sticky_enabled=\"0\"][\/et_pb_fullwidth_header][\/et_pb_section][et_pb_section fb_built=\"1\" _builder_version=\"4.27.4\" _module_preset=\"default\" global_colors_info=\"{}\"][et_pb_row _builder_version=\"4.27.4\" _module_preset=\"default\" global_colors_info=\"{}\"][et_pb_column type=\"4_4\" _builder_version=\"4.27.4\" _module_preset=\"default\" global_colors_info=\"{}\"][et_pb_text _builder_version=\"4.27.4\" _module_preset=\"default\" max_width=\"800px\" hover_enabled=\"0\" global_colors_info=\"{}\" sticky_enabled=\"0\"]<p>\r\nChrist & Heiri AG s'engage \u00e0 fournir un site web enti\u00e8rement accessible \u00e0 tous les utilisateurs, y compris ceux qui d\u00e9pendent d\u2019outils d\u2019assistance tels que les lecteurs d\u2019\u00e9cran, les logiciels d\u2019agrandissement d\u2019\u00e9cran et les dispositifs alternatifs de saisie au clavier pour naviguer sur Internet.\r\n<\/p>\r\n\r\n<strong>Efforts continus pour garantir l\u2019accessibilit\u00e9<\/strong>\r\n\r\n<p>\r\nNous nous r\u00e9f\u00e9rons aux <a href=\"https:\/\/www.w3.org\/TR\/WCAG21\/\">Directives pour l\u2019accessibilit\u00e9 du contenu Web (WCAG) version 2.1<\/a> pour d\u00e9terminer l\u2019accessibilit\u00e9. Il s\u2019agit de normes internationalement reconnues qui couvrent un large \u00e9ventail de recommandations et de bonnes pratiques pour rendre les contenus accessibles. Lorsque nous ajoutons de nouvelles pages et fonctionnalit\u00e9s \u00e0 notre site, tous les designs, codes et processus de saisie de contenu sont v\u00e9rifi\u00e9s selon ces standards.\r\n<\/p>\r\n\r\n<span>\r\nL\u2019accessibilit\u00e9 de notre site est un processus continu. Nous testons r\u00e9guli\u00e8rement les contenus et fonctionnalit\u00e9s afin de garantir leur conformit\u00e9 avec la norme WCAG 2.1 niveau AA et corrigeons tout probl\u00e8me identifi\u00e9 afin de respecter, voire d\u00e9passer, les exigences. Les tests sont r\u00e9alis\u00e9s par nos \u00e9quipes \u00e0 l\u2019aide d\u2019outils professionnels tels que le plugin Accessibility Checker pour WordPress, des analyseurs de contraste des couleurs, la navigation uniquement au clavier et des tests de lisibilit\u00e9 Flesch-Kincaid.\r\n<\/span>\r\n\r\n<strong>Fonctionnalit\u00e9s d\u2019accessibilit\u00e9 sur notre site<\/strong>\r\n\r\n<p>Voici une liste des \u00e9l\u00e9ments que nous avons int\u00e9gr\u00e9s \u00e0 notre site pour am\u00e9liorer l\u2019accessibilit\u00e9\u00a0:<\/p>\r\n<ul>\r\n\t<li>Navigation principale structur\u00e9e de mani\u00e8re logique avec une hi\u00e9rarchie de pages claire<\/li>\r\n\t<li>Textes alternatifs pour de nombreuses images afin d\u2019aider les lecteurs d\u2019\u00e9cran<\/li>\r\n\t<li>Possibilit\u00e9 de contact via diff\u00e9rents canaux (e-mail, t\u00e9l\u00e9phone, formulaire de contact)<\/li>\r\n\t<li>Support multilingue (DE, EN, ES, FR) pour une meilleure accessibilit\u00e9 des utilisateurs internationaux<\/li>\r\n\t<li>Informations l\u00e9gales pertinentes (mentions l\u00e9gales, confidentialit\u00e9) facilement accessibles<\/li>\r\n<\/ul>\r\n\r\n<strong>Axes d\u2019am\u00e9lioration<\/strong>\r\n\r\n<p>Dans le cadre de nos efforts pour maintenir notre site \u00e0 jour, nous nous concentrons sur les points suivants\u00a0:<\/p>\r\n<ul>\r\n\t<li>Am\u00e9lioration des textes alternatifs pour toutes les images et graphiques<\/li>\r\n\t<li>Fourniture de sous-titres ou de transcriptions pour les vid\u00e9os int\u00e9gr\u00e9es<\/li>\r\n\t<li>Optimisation de la navigation au clavier et de la compatibilit\u00e9 avec les lecteurs d\u2019\u00e9cran<\/li>\r\n\t<li>V\u00e9rification et ajustement des contrastes de couleurs sur tous les \u00e9l\u00e9ments<\/li>\r\n\t<li>Mise en place d\u2019une fonction \u00ab\u00a0Aller au contenu\u00a0\u00bb<\/li>\r\n\t<li>Contr\u00f4les r\u00e9guliers de l\u2019accessibilit\u00e9 du site \u00e0 l\u2019aide d\u2019outils actualis\u00e9s<\/li>\r\n<\/ul>\r\n<p>\r\nCes actions font partie de notre engagement \u00e0 rendre l\u2019exp\u00e9rience chez Christ & Heiri AG aussi agr\u00e9able que possible. Veuillez noter que, bien que nous nous efforcions de proposer des informations accessibles \u00e0 tous les utilisateurs, nous ne pouvons garantir l\u2019accessibilit\u00e9 des sites web tiers vers lesquels nous proposons des liens.\r\n<\/p>\r\n\r\n<strong>Contact pour le support d\u2019accessibilit\u00e9<\/strong>\r\n\r\n<p>\r\nNous accueillons volontiers vos commentaires, questions et retours concernant notre site web. Si vous utilisez des outils d\u2019assistance et rencontrez des difficult\u00e9s lors de la navigation sur notre site, veuillez nous envoyer un e-mail \u00e0 <a href=\"mailto:info@christundheiri.com\">info@christundheiri.com<\/a> ou nous appeler au +41 32 641 60 00 (Suisse) ou au +49 76 57 91 05 0 (Allemagne). Nous ferons de notre mieux pour vous aider et r\u00e9soudre tout probl\u00e8me.\r\n<\/p>[\/et_pb_text][\/et_pb_column][\/et_pb_row][\/et_pb_section]","_et_gb_content_width":"","footnotes":""},"class_list":["post-3911","page","type-page","status-publish","hentry"],"acf":[],"yoast_head":"<!-- This site is optimized with the Yoast SEO plugin v27.4 - https:\/\/yoast.com\/product\/yoast-seo-wordpress\/ -->\n<title>Accesibilidad | Christ &amp; Heiri Group<\/title>\n<meta name=\"robots\" content=\"index, follow, max-snippet:-1, max-image-preview:large, max-video-preview:-1\" \/>\n<link rel=\"canonical\" href=\"https:\/\/christundheiri.com\/es\/accesibilidad\/\" \/>\n<meta property=\"og:locale\" content=\"es_ES\" \/>\n<meta property=\"og:type\" content=\"article\" \/>\n<meta property=\"og:title\" content=\"Accesibilidad | Christ &amp; Heiri Group\" \/>\n<meta property=\"og:description\" content=\"Christ &amp; Heiri AG se compromete a proporcionar un sitio web completamente accesible para todos los usuarios, incluidos aquellos que dependen de tecnolog\u00edas de asistencia como lectores de pantalla, software de ampliaci\u00f3n de pantalla y dispositivos alternativos de entrada de teclado para navegar por Internet. Esfuerzos continuos para garantizar la accesibilidad Nos guiamos por las [&hellip;]\" \/>\n<meta property=\"og:url\" content=\"https:\/\/christundheiri.com\/es\/accesibilidad\/\" \/>\n<meta property=\"og:site_name\" content=\"Christ &amp; Heiri Group\" \/>\n<meta property=\"article:modified_time\" content=\"2025-08-04T10:23:14+00:00\" \/>\n<meta property=\"og:image\" content=\"https:\/\/christundheiri.com\/wp-content\/uploads\/2024\/12\/CH_Content_Webseite_swocial_Produktion-541-scaled.jpg\" \/>\n\t<meta property=\"og:image:width\" content=\"2560\" \/>\n\t<meta property=\"og:image:height\" content=\"1707\" \/>\n\t<meta property=\"og:image:type\" content=\"image\/jpeg\" \/>\n<meta name=\"twitter:card\" content=\"summary_large_image\" \/>\n<meta name=\"twitter:label1\" content=\"Tiempo de lectura\" \/>\n\t<meta name=\"twitter:data1\" content=\"3 minutos\" \/>\n<script type=\"application\/ld+json\" class=\"yoast-schema-graph\">{\"@context\":\"https:\\\/\\\/schema.org\",\"@graph\":[{\"@type\":\"WebPage\",\"@id\":\"https:\\\/\\\/christundheiri.com\\\/es\\\/accesibilidad\\\/\",\"url\":\"https:\\\/\\\/christundheiri.com\\\/es\\\/accesibilidad\\\/\",\"name\":\"Accesibilidad | Christ &amp; Heiri Group\",\"isPartOf\":{\"@id\":\"https:\\\/\\\/christundheiri.com\\\/es\\\/#website\"},\"datePublished\":\"2025-08-04T10:02:16+00:00\",\"dateModified\":\"2025-08-04T10:23:14+00:00\",\"breadcrumb\":{\"@id\":\"https:\\\/\\\/christundheiri.com\\\/es\\\/accesibilidad\\\/#breadcrumb\"},\"inLanguage\":\"es\",\"potentialAction\":[{\"@type\":\"ReadAction\",\"target\":[\"https:\\\/\\\/christundheiri.com\\\/es\\\/accesibilidad\\\/\"]}]},{\"@type\":\"BreadcrumbList\",\"@id\":\"https:\\\/\\\/christundheiri.com\\\/es\\\/accesibilidad\\\/#breadcrumb\",\"itemListElement\":[{\"@type\":\"ListItem\",\"position\":1,\"name\":\"Startseite\",\"item\":\"https:\\\/\\\/christundheiri.com\\\/es\\\/\"},{\"@type\":\"ListItem\",\"position\":2,\"name\":\"Accesibilidad\"}]},{\"@type\":\"WebSite\",\"@id\":\"https:\\\/\\\/christundheiri.com\\\/es\\\/#website\",\"url\":\"https:\\\/\\\/christundheiri.com\\\/es\\\/\",\"name\":\"Christ & Heiri Group\",\"description\":\"High Precision Gearing Parts\",\"publisher\":{\"@id\":\"https:\\\/\\\/christundheiri.com\\\/es\\\/#organization\"},\"alternateName\":\"Christ & Heiri\",\"potentialAction\":[{\"@type\":\"SearchAction\",\"target\":{\"@type\":\"EntryPoint\",\"urlTemplate\":\"https:\\\/\\\/christundheiri.com\\\/es\\\/?s={search_term_string}\"},\"query-input\":{\"@type\":\"PropertyValueSpecification\",\"valueRequired\":true,\"valueName\":\"search_term_string\"}}],\"inLanguage\":\"es\"},{\"@type\":\"Organization\",\"@id\":\"https:\\\/\\\/christundheiri.com\\\/es\\\/#organization\",\"name\":\"Christ & Heiri Group\",\"url\":\"https:\\\/\\\/christundheiri.com\\\/es\\\/\",\"logo\":{\"@type\":\"ImageObject\",\"inLanguage\":\"es\",\"@id\":\"https:\\\/\\\/christundheiri.com\\\/es\\\/#\\\/schema\\\/logo\\\/image\\\/\",\"url\":\"https:\\\/\\\/christundheiri.com\\\/wp-content\\\/uploads\\\/2024\\\/11\\\/christheiri-logo-dark.svg\",\"contentUrl\":\"https:\\\/\\\/christundheiri.com\\\/wp-content\\\/uploads\\\/2024\\\/11\\\/christheiri-logo-dark.svg\",\"width\":800,\"height\":198,\"caption\":\"Christ & Heiri Group\"},\"image\":{\"@id\":\"https:\\\/\\\/christundheiri.com\\\/es\\\/#\\\/schema\\\/logo\\\/image\\\/\"},\"sameAs\":[\"https:\\\/\\\/www.linkedin.com\\\/company\\\/18191638\",\"https:\\\/\\\/www.instagram.com\\\/christheirigroup\\\/\"]}]}<\/script>\n<!-- \/ Yoast SEO plugin. -->","yoast_head_json":{"title":"Accesibilidad | Christ &amp; Heiri Group","robots":{"index":"index","follow":"follow","max-snippet":"max-snippet:-1","max-image-preview":"max-image-preview:large","max-video-preview":"max-video-preview:-1"},"canonical":"https:\/\/christundheiri.com\/es\/accesibilidad\/","og_locale":"es_ES","og_type":"article","og_title":"Accesibilidad | Christ &amp; Heiri Group","og_description":"Christ &amp; Heiri AG se compromete a proporcionar un sitio web completamente accesible para todos los usuarios, incluidos aquellos que dependen de tecnolog\u00edas de asistencia como lectores de pantalla, software de ampliaci\u00f3n de pantalla y dispositivos alternativos de entrada de teclado para navegar por Internet. Esfuerzos continuos para garantizar la accesibilidad Nos guiamos por las [&hellip;]","og_url":"https:\/\/christundheiri.com\/es\/accesibilidad\/","og_site_name":"Christ &amp; Heiri Group","article_modified_time":"2025-08-04T10:23:14+00:00","og_image":[{"width":2560,"height":1707,"url":"https:\/\/christundheiri.com\/wp-content\/uploads\/2024\/12\/CH_Content_Webseite_swocial_Produktion-541-scaled.jpg","type":"image\/jpeg"}],"twitter_card":"summary_large_image","twitter_misc":{"Tiempo de lectura":"3 minutos"},"schema":{"@context":"https:\/\/schema.org","@graph":[{"@type":"WebPage","@id":"https:\/\/christundheiri.com\/es\/accesibilidad\/","url":"https:\/\/christundheiri.com\/es\/accesibilidad\/","name":"Accesibilidad | Christ &amp; Heiri Group","isPartOf":{"@id":"https:\/\/christundheiri.com\/es\/#website"},"datePublished":"2025-08-04T10:02:16+00:00","dateModified":"2025-08-04T10:23:14+00:00","breadcrumb":{"@id":"https:\/\/christundheiri.com\/es\/accesibilidad\/#breadcrumb"},"inLanguage":"es","potentialAction":[{"@type":"ReadAction","target":["https:\/\/christundheiri.com\/es\/accesibilidad\/"]}]},{"@type":"BreadcrumbList","@id":"https:\/\/christundheiri.com\/es\/accesibilidad\/#breadcrumb","itemListElement":[{"@type":"ListItem","position":1,"name":"Startseite","item":"https:\/\/christundheiri.com\/es\/"},{"@type":"ListItem","position":2,"name":"Accesibilidad"}]},{"@type":"WebSite","@id":"https:\/\/christundheiri.com\/es\/#website","url":"https:\/\/christundheiri.com\/es\/","name":"Christ & Heiri Group","description":"High Precision Gearing Parts","publisher":{"@id":"https:\/\/christundheiri.com\/es\/#organization"},"alternateName":"Christ & Heiri","potentialAction":[{"@type":"SearchAction","target":{"@type":"EntryPoint","urlTemplate":"https:\/\/christundheiri.com\/es\/?s={search_term_string}"},"query-input":{"@type":"PropertyValueSpecification","valueRequired":true,"valueName":"search_term_string"}}],"inLanguage":"es"},{"@type":"Organization","@id":"https:\/\/christundheiri.com\/es\/#organization","name":"Christ & Heiri Group","url":"https:\/\/christundheiri.com\/es\/","logo":{"@type":"ImageObject","inLanguage":"es","@id":"https:\/\/christundheiri.com\/es\/#\/schema\/logo\/image\/","url":"https:\/\/christundheiri.com\/wp-content\/uploads\/2024\/11\/christheiri-logo-dark.svg","contentUrl":"https:\/\/christundheiri.com\/wp-content\/uploads\/2024\/11\/christheiri-logo-dark.svg","width":800,"height":198,"caption":"Christ & Heiri Group"},"image":{"@id":"https:\/\/christundheiri.com\/es\/#\/schema\/logo\/image\/"},"sameAs":["https:\/\/www.linkedin.com\/company\/18191638","https:\/\/www.instagram.com\/christheirigroup\/"]}]}},"_links":{"self":[{"href":"https:\/\/christundheiri.com\/es\/wp-json\/wp\/v2\/pages\/3911","targetHints":{"allow":["GET"]}}],"collection":[{"href":"https:\/\/christundheiri.com\/es\/wp-json\/wp\/v2\/pages"}],"about":[{"href":"https:\/\/christundheiri.com\/es\/wp-json\/wp\/v2\/types\/page"}],"author":[{"embeddable":true,"href":"https:\/\/christundheiri.com\/es\/wp-json\/wp\/v2\/users\/1"}],"replies":[{"embeddable":true,"href":"https:\/\/christundheiri.com\/es\/wp-json\/wp\/v2\/comments?post=3911"}],"version-history":[{"count":3,"href":"https:\/\/christundheiri.com\/es\/wp-json\/wp\/v2\/pages\/3911\/revisions"}],"predecessor-version":[{"id":3915,"href":"https:\/\/christundheiri.com\/es\/wp-json\/wp\/v2\/pages\/3911\/revisions\/3915"}],"wp:attachment":[{"href":"https:\/\/christundheiri.com\/es\/wp-json\/wp\/v2\/media?parent=3911"}],"curies":[{"name":"wp","href":"https:\/\/api.w.org\/{rel}","templated":true}]}}