{"id":1342,"date":"2024-10-07T10:41:15","date_gmt":"2024-10-07T10:41:15","guid":{"rendered":"https:\/\/christundheiri.wordpress.avency.de\/?page_id=1342"},"modified":"2025-07-31T06:33:41","modified_gmt":"2025-07-31T06:33:41","slug":"terminos","status":"publish","type":"page","link":"https:\/\/christundheiri.com\/es\/terminos\/","title":{"rendered":"T\u00e9rminos"},"content":{"rendered":"<p>[et_pb_section fb_built=\u00bb1&#8243; fullwidth=\u00bbon\u00bb _builder_version=\u00bb4.27.4&#8243; _module_preset=\u00bbdefault\u00bb locked=\u00bboff\u00bb global_colors_info=\u00bb{}\u00bb][et_pb_fullwidth_header title=\u00bbTerminos\u00bb _builder_version=\u00bb4.27.4&#8243; _module_preset=\u00bbdefault\u00bb background_enable_color=\u00bboff\u00bb background_image=\u00bbhttps:\/\/christundheiri.com\/wp-content\/uploads\/2024\/12\/CH_Content_Webseite_swocial_Produktion-581-scaled.jpg\u00bb min_height=\u00bb600px\u00bb custom_padding=\u00bb600px||||false|false\u00bb global_colors_info=\u00bb{}\u00bb][\/et_pb_fullwidth_header][\/et_pb_section][et_pb_section fb_built=\u00bb1&#8243; admin_label=\u00bbsection\u00bb _builder_version=\u00bb4.16&#8243; global_colors_info=\u00bb{}\u00bb][et_pb_row admin_label=\u00bbrow\u00bb _builder_version=\u00bb4.16&#8243; background_size=\u00bbinitial\u00bb background_position=\u00bbtop_left\u00bb background_repeat=\u00bbrepeat\u00bb global_colors_info=\u00bb{}\u00bb][et_pb_column type=\u00bb4_4&#8243; _builder_version=\u00bb4.16&#8243; custom_padding=\u00bb|||\u00bb global_colors_info=\u00bb{}\u00bb custom_padding__hover=\u00bb|||\u00bb][et_pb_text admin_label=\u00bbText\u00bb _builder_version=\u00bb4.27.4&#8243; background_size=\u00bbinitial\u00bb background_position=\u00bbtop_left\u00bb background_repeat=\u00bbrepeat\u00bb hover_enabled=\u00bb0&#8243; global_colors_info=\u00bb{}\u00bb sticky_enabled=\u00bb0&#8243;]<\/p>\n<h4>esponsable del contenido<\/h4>\n<p>Christ &amp; Heiri AG<br \/>\nM\u00e4ssmattweg 2<br \/>\n2545 Selzach<br \/>\nSchweiz<br \/>\nTel\u00e9fono <a href=\"tel:+41 32 641 60 00\">+41 32 641 60 00<\/a><br \/>\nEmail <a href=\"mailto:info@christundheiri.com\">info@christundheiri.com<\/a><\/p>\n<p>&nbsp;<\/p>\n<h4>Concepto, dise\u00f1o y programaci\u00f3n<\/h4>\n<p>avency GmbH<br \/>\nHauptstrasse 108<br \/>\n48346 Ostbevern<br \/>\nGermany<br \/>\nTel\u00e9fono <a href=\"tel:+49 2532 9509 0\">+49 2532 9509 0<\/a><br \/>\nEmail <a href=\"mailto:info@avency.de\">info@avency.de<\/a><br \/>\nSitio web <a href=\"http:\/\/www.avency.de\">www.avency.de<\/a><\/p>\n<p>&nbsp;<\/p>\n<h4>T\u00e9rminos y condiciones generales<\/h4>\n<p><a href=\"https:\/\/christundheiri.com\/wp-content\/uploads\/2024\/11\/Allgemeine-Liefer-und-Zahlungsbedingungen-der-CHRIST-HEIRI-AG.pdf\">Descaggar como PDF (Christ &amp; Heiri)<\/a><br \/>\n<a href=\"https:\/\/christundheiri.com\/wp-content\/uploads\/2024\/11\/AGB-GFG-12-2021.pdf\">Descaggar como PDF (Grieshaber)<\/a><\/p>\n<p>&nbsp;<\/p>\n<h4>Protecci\u00f3n de datos<\/h4>\n<p><a href=\"https:\/\/christundheiri.com\/es\/privacy\/\">Protecci\u00f3n de datos<\/a>[\/et_pb_text][\/et_pb_column][\/et_pb_row][\/et_pb_section]<\/p>\n","protected":false},"excerpt":{"rendered":"<p>esponsable del contenido Christ &amp; Heiri AG M\u00e4ssmattweg 2 2545 Selzach Schweiz Tel\u00e9fono +41 32 641 60 00 Email info@christundheiri.com &nbsp; Concepto, dise\u00f1o y programaci\u00f3n avency GmbH Hauptstrasse 108 48346 Ostbevern Germany Tel\u00e9fono +49 2532 9509 0 Email info@avency.de Sitio web www.avency.de &nbsp; T\u00e9rminos y condiciones generales Descaggar como PDF (Christ &amp; Heiri) Descaggar como [&hellip;]<\/p>\n","protected":false},"author":1,"featured_media":0,"parent":0,"menu_order":0,"comment_status":"closed","ping_status":"closed","template":"","meta":{"_acf_changed":false,"_et_pb_use_builder":"on","_et_pb_old_content":"","_et_gb_content_width":"","footnotes":""},"class_list":["post-1342","page","type-page","status-publish","hentry"],"acf":[],"yoast_head":"<!-- This site is optimized with the Yoast SEO plugin v27.4 - https:\/\/yoast.com\/product\/yoast-seo-wordpress\/ -->\n<title>T\u00e9rminos | Christ &amp; Heiri Group<\/title>\n<meta name=\"robots\" content=\"index, follow, max-snippet:-1, max-image-preview:large, max-video-preview:-1\" \/>\n<link rel=\"canonical\" href=\"https:\/\/christundheiri.com\/es\/terminos\/\" \/>\n<meta property=\"og:locale\" content=\"es_ES\" \/>\n<meta property=\"og:type\" content=\"article\" \/>\n<meta property=\"og:title\" content=\"T\u00e9rminos | Christ &amp; Heiri Group\" \/>\n<meta property=\"og:description\" content=\"esponsable del contenido Christ &amp; Heiri AG M\u00e4ssmattweg 2 2545 Selzach Schweiz Tel\u00e9fono +41 32 641 60 00 Email info@christundheiri.com &nbsp; Concepto, dise\u00f1o y programaci\u00f3n avency GmbH Hauptstrasse 108 48346 Ostbevern Germany Tel\u00e9fono +49 2532 9509 0 Email info@avency.de Sitio web www.avency.de &nbsp; T\u00e9rminos y condiciones generales Descaggar como PDF (Christ &amp; Heiri) Descaggar como [&hellip;]\" \/>\n<meta property=\"og:url\" content=\"https:\/\/christundheiri.com\/es\/terminos\/\" \/>\n<meta property=\"og:site_name\" content=\"Christ &amp; Heiri Group\" \/>\n<meta property=\"article:modified_time\" content=\"2025-07-31T06:33:41+00:00\" \/>\n<meta property=\"og:image\" content=\"https:\/\/christundheiri.com\/wp-content\/uploads\/2024\/12\/CH_Content_Webseite_swocial_Produktion-541-scaled.jpg\" \/>\n\t<meta property=\"og:image:width\" content=\"2560\" \/>\n\t<meta property=\"og:image:height\" content=\"1707\" \/>\n\t<meta property=\"og:image:type\" content=\"image\/jpeg\" \/>\n<meta name=\"twitter:card\" content=\"summary_large_image\" \/>\n<meta name=\"twitter:label1\" content=\"Tiempo de lectura\" \/>\n\t<meta name=\"twitter:data1\" content=\"1 minuto\" \/>\n<script type=\"application\/ld+json\" class=\"yoast-schema-graph\">{\"@context\":\"https:\\\/\\\/schema.org\",\"@graph\":[{\"@type\":\"WebPage\",\"@id\":\"https:\\\/\\\/christundheiri.com\\\/es\\\/terminos\\\/\",\"url\":\"https:\\\/\\\/christundheiri.com\\\/es\\\/terminos\\\/\",\"name\":\"T\u00e9rminos | Christ &amp; Heiri Group\",\"isPartOf\":{\"@id\":\"https:\\\/\\\/christundheiri.com\\\/es\\\/#website\"},\"datePublished\":\"2024-10-07T10:41:15+00:00\",\"dateModified\":\"2025-07-31T06:33:41+00:00\",\"breadcrumb\":{\"@id\":\"https:\\\/\\\/christundheiri.com\\\/es\\\/terminos\\\/#breadcrumb\"},\"inLanguage\":\"es\",\"potentialAction\":[{\"@type\":\"ReadAction\",\"target\":[\"https:\\\/\\\/christundheiri.com\\\/es\\\/terminos\\\/\"]}]},{\"@type\":\"BreadcrumbList\",\"@id\":\"https:\\\/\\\/christundheiri.com\\\/es\\\/terminos\\\/#breadcrumb\",\"itemListElement\":[{\"@type\":\"ListItem\",\"position\":1,\"name\":\"Startseite\",\"item\":\"https:\\\/\\\/christundheiri.com\\\/es\\\/\"},{\"@type\":\"ListItem\",\"position\":2,\"name\":\"T\u00e9rminos\"}]},{\"@type\":\"WebSite\",\"@id\":\"https:\\\/\\\/christundheiri.com\\\/es\\\/#website\",\"url\":\"https:\\\/\\\/christundheiri.com\\\/es\\\/\",\"name\":\"Christ & Heiri Group\",\"description\":\"High Precision Gearing Parts\",\"publisher\":{\"@id\":\"https:\\\/\\\/christundheiri.com\\\/es\\\/#organization\"},\"alternateName\":\"Christ & Heiri\",\"potentialAction\":[{\"@type\":\"SearchAction\",\"target\":{\"@type\":\"EntryPoint\",\"urlTemplate\":\"https:\\\/\\\/christundheiri.com\\\/es\\\/?s={search_term_string}\"},\"query-input\":{\"@type\":\"PropertyValueSpecification\",\"valueRequired\":true,\"valueName\":\"search_term_string\"}}],\"inLanguage\":\"es\"},{\"@type\":\"Organization\",\"@id\":\"https:\\\/\\\/christundheiri.com\\\/es\\\/#organization\",\"name\":\"Christ & Heiri Group\",\"url\":\"https:\\\/\\\/christundheiri.com\\\/es\\\/\",\"logo\":{\"@type\":\"ImageObject\",\"inLanguage\":\"es\",\"@id\":\"https:\\\/\\\/christundheiri.com\\\/es\\\/#\\\/schema\\\/logo\\\/image\\\/\",\"url\":\"https:\\\/\\\/christundheiri.com\\\/wp-content\\\/uploads\\\/2024\\\/11\\\/christheiri-logo-dark.svg\",\"contentUrl\":\"https:\\\/\\\/christundheiri.com\\\/wp-content\\\/uploads\\\/2024\\\/11\\\/christheiri-logo-dark.svg\",\"width\":800,\"height\":198,\"caption\":\"Christ & Heiri Group\"},\"image\":{\"@id\":\"https:\\\/\\\/christundheiri.com\\\/es\\\/#\\\/schema\\\/logo\\\/image\\\/\"},\"sameAs\":[\"https:\\\/\\\/www.linkedin.com\\\/company\\\/18191638\",\"https:\\\/\\\/www.instagram.com\\\/christheirigroup\\\/\"]}]}<\/script>\n<!-- \/ Yoast SEO plugin. -->","yoast_head_json":{"title":"T\u00e9rminos | Christ &amp; Heiri Group","robots":{"index":"index","follow":"follow","max-snippet":"max-snippet:-1","max-image-preview":"max-image-preview:large","max-video-preview":"max-video-preview:-1"},"canonical":"https:\/\/christundheiri.com\/es\/terminos\/","og_locale":"es_ES","og_type":"article","og_title":"T\u00e9rminos | Christ &amp; Heiri Group","og_description":"esponsable del contenido Christ &amp; Heiri AG M\u00e4ssmattweg 2 2545 Selzach Schweiz Tel\u00e9fono +41 32 641 60 00 Email info@christundheiri.com &nbsp; Concepto, dise\u00f1o y programaci\u00f3n avency GmbH Hauptstrasse 108 48346 Ostbevern Germany Tel\u00e9fono +49 2532 9509 0 Email info@avency.de Sitio web www.avency.de &nbsp; T\u00e9rminos y condiciones generales Descaggar como PDF (Christ &amp; Heiri) Descaggar como [&hellip;]","og_url":"https:\/\/christundheiri.com\/es\/terminos\/","og_site_name":"Christ &amp; Heiri Group","article_modified_time":"2025-07-31T06:33:41+00:00","og_image":[{"width":2560,"height":1707,"url":"https:\/\/christundheiri.com\/wp-content\/uploads\/2024\/12\/CH_Content_Webseite_swocial_Produktion-541-scaled.jpg","type":"image\/jpeg"}],"twitter_card":"summary_large_image","twitter_misc":{"Tiempo de lectura":"1 minuto"},"schema":{"@context":"https:\/\/schema.org","@graph":[{"@type":"WebPage","@id":"https:\/\/christundheiri.com\/es\/terminos\/","url":"https:\/\/christundheiri.com\/es\/terminos\/","name":"T\u00e9rminos | Christ &amp; Heiri Group","isPartOf":{"@id":"https:\/\/christundheiri.com\/es\/#website"},"datePublished":"2024-10-07T10:41:15+00:00","dateModified":"2025-07-31T06:33:41+00:00","breadcrumb":{"@id":"https:\/\/christundheiri.com\/es\/terminos\/#breadcrumb"},"inLanguage":"es","potentialAction":[{"@type":"ReadAction","target":["https:\/\/christundheiri.com\/es\/terminos\/"]}]},{"@type":"BreadcrumbList","@id":"https:\/\/christundheiri.com\/es\/terminos\/#breadcrumb","itemListElement":[{"@type":"ListItem","position":1,"name":"Startseite","item":"https:\/\/christundheiri.com\/es\/"},{"@type":"ListItem","position":2,"name":"T\u00e9rminos"}]},{"@type":"WebSite","@id":"https:\/\/christundheiri.com\/es\/#website","url":"https:\/\/christundheiri.com\/es\/","name":"Christ & Heiri Group","description":"High Precision Gearing Parts","publisher":{"@id":"https:\/\/christundheiri.com\/es\/#organization"},"alternateName":"Christ & Heiri","potentialAction":[{"@type":"SearchAction","target":{"@type":"EntryPoint","urlTemplate":"https:\/\/christundheiri.com\/es\/?s={search_term_string}"},"query-input":{"@type":"PropertyValueSpecification","valueRequired":true,"valueName":"search_term_string"}}],"inLanguage":"es"},{"@type":"Organization","@id":"https:\/\/christundheiri.com\/es\/#organization","name":"Christ & Heiri Group","url":"https:\/\/christundheiri.com\/es\/","logo":{"@type":"ImageObject","inLanguage":"es","@id":"https:\/\/christundheiri.com\/es\/#\/schema\/logo\/image\/","url":"https:\/\/christundheiri.com\/wp-content\/uploads\/2024\/11\/christheiri-logo-dark.svg","contentUrl":"https:\/\/christundheiri.com\/wp-content\/uploads\/2024\/11\/christheiri-logo-dark.svg","width":800,"height":198,"caption":"Christ & Heiri Group"},"image":{"@id":"https:\/\/christundheiri.com\/es\/#\/schema\/logo\/image\/"},"sameAs":["https:\/\/www.linkedin.com\/company\/18191638","https:\/\/www.instagram.com\/christheirigroup\/"]}]}},"_links":{"self":[{"href":"https:\/\/christundheiri.com\/es\/wp-json\/wp\/v2\/pages\/1342","targetHints":{"allow":["GET"]}}],"collection":[{"href":"https:\/\/christundheiri.com\/es\/wp-json\/wp\/v2\/pages"}],"about":[{"href":"https:\/\/christundheiri.com\/es\/wp-json\/wp\/v2\/types\/page"}],"author":[{"embeddable":true,"href":"https:\/\/christundheiri.com\/es\/wp-json\/wp\/v2\/users\/1"}],"replies":[{"embeddable":true,"href":"https:\/\/christundheiri.com\/es\/wp-json\/wp\/v2\/comments?post=1342"}],"version-history":[{"count":6,"href":"https:\/\/christundheiri.com\/es\/wp-json\/wp\/v2\/pages\/1342\/revisions"}],"predecessor-version":[{"id":3849,"href":"https:\/\/christundheiri.com\/es\/wp-json\/wp\/v2\/pages\/1342\/revisions\/3849"}],"wp:attachment":[{"href":"https:\/\/christundheiri.com\/es\/wp-json\/wp\/v2\/media?parent=1342"}],"curies":[{"name":"wp","href":"https:\/\/api.w.org\/{rel}","templated":true}]}}